{"id":52,"date":"2011-03-02T15:31:06","date_gmt":"2011-03-02T15:31:06","guid":{"rendered":"http:\/\/tauschkreise.at\/?page_id=52"},"modified":"2017-03-17T01:11:59","modified_gmt":"2017-03-17T00:11:59","slug":"mitglied-werden","status":"publish","type":"page","link":"http:\/\/www.tauschkreise.at\/?page_id=52","title":{"rendered":"Mitglied werden"},"content":{"rendered":"<p>Wir freuen uns \u00fcber neue Mitglieder. Je mehr Salzburger &#8211; aber nicht nur die &#8211; mitmachen, desto spannender wird es. Andererseits ist uns der pers\u00f6nliche Kontakt zwischen den Mitgliedern wichtig. Es beginnt jede Mitgliedschaft mit einem pers\u00f6nlichen Gespr\u00e4ch (meist vor den monatlichen Treffen). Danach wird hoffentlich das\u00a0 <a href=\"http:\/\/www.tauschkreise.at\/wp-content\/uploads\/2011\/03\/Beitr-Datensch-Erkl-2017.docx\">Anmeldeformular <\/a>gemeinsam ausgef\u00fcllt. Daraufhin bekommst du dein Online-Tauschkonto und es kann losgehen.<\/p>\n<p>F\u00fcr den j\u00e4hrlichen Mitgliedsbeitrag gibt es zwei Varianten: <span style=\"color: #0000ff;\">30\u20ac<\/span> im Jahr von deinem Bankkonto oder <span style=\"color: #0000ff;\">3-Talente-Stunden<\/span> von deinem Tauschkreiskonto.\u00a0 (Stand M\u00e4rz 2016)<\/p>\n<p>Ein Ausstieg aus dem Tauschkreis ist jederzeit m\u00f6glich, allerdings erwarten wir, dass das Tauschkreiskonto keinen Minusstand ausweist.<\/p>\n<blockquote class=\"pull\"><p>Schicken Sie uns gleich hier eine Nachricht:<\/p><\/blockquote>\n\n\n<!-- Fast Secure Contact Form plugin 4.0.43 - begin - FastSecureContactForm.com -->\r\n<div style=\"clear:both;\"><\/div>\n\r\n<div id=\"FSContact1\" style=\"width:375px;\">\r\n<form action=\"http:\/\/www.tauschkreise.at\/index.php?rest_route=%2Fwp%2Fv2%2Fpages%2F52#FSContact1\" id=\"fscf_form1\" method=\"post\">\r\n\n<div id=\"fscf_required1\">\n  <span style=\"text-align:left;\"> *<\/span> <span style=\"text-align:left;\">indicates required field<\/span>\n<\/div>\n\n\n<div id=\"fscf_div_clear1_0\" style=\"clear:both;\">\n  <div id=\"fscf_div_field1_0\" style=\"clear:left; float:left; width:99%; max-width:550px; margin-right:10px;\">\r\n    <div style=\"text-align:left; padding-top:5px;\">\n      <label style=\"text-align:left;\" for=\"fscf_name1\">Name:<span style=\"text-align:left;\"> *<\/span><\/label>\n    <\/div>\r\n    <div style=\"text-align:left;\">\r\n      <input style=\"text-align:left; margin:0;\" type=\"text\" id=\"fscf_name1\" name=\"full_name\" value=\"\"  \/>\r\n    <\/div>\r\n  <\/div>\n<\/div>\n\n<div id=\"fscf_div_clear1_1\" style=\"clear:both;\">\n  <div id=\"fscf_div_field1_1\" style=\"clear:left; float:left; width:99%; max-width:550px; margin-right:10px;\">\n    <div style=\"text-align:left; padding-top:5px;\">\n      <label style=\"text-align:left;\" for=\"fscf_email1\">Email:<span style=\"text-align:left;\"> *<\/span><\/label>\n    <\/div>\n    <div style=\"text-align:left;\">\n      <input style=\"text-align:left; margin:0;\" type=\"text\" id=\"fscf_email1\" name=\"email\" value=\"\"  \/>\n    <\/div>\n  <\/div>\n<\/div>\n\n<div id=\"fscf_div_clear1_2\" style=\"clear:both;\">\n  <div id=\"fscf_div_field1_2\" style=\"clear:left; float:left; width:99%; max-width:550px; margin-right:10px;\">\n    <div style=\"text-align:left; padding-top:5px;\">\n      <label style=\"text-align:left;\" for=\"fscf_field1_2\">Betreff:<span style=\"text-align:left;\"> *<\/span><\/label>\n    <\/div>\n    <div style=\"text-align:left;\">\n      <input style=\"text-align:left; margin:0;\" type=\"text\" id=\"fscf_field1_2\" name=\"subject\" value=\"\"  \/>\n    <\/div>\n  <\/div>\n<\/div>\n\n<div id=\"fscf_div_clear1_3\" style=\"clear:both;\">\n  <div id=\"fscf_div_field1_3\" style=\"clear:left; float:left; width:99%; max-width:550px; margin-right:10px;\">\n    <div style=\"text-align:left; padding-top:5px;\">\n      <label style=\"text-align:left;\" for=\"fscf_field1_3\">Nachricht:<span style=\"text-align:left;\"> *<\/span><\/label>\n    <\/div>\n    <div style=\"text-align:left;\">\n      <textarea style=\"text-align:left; margin:0; width:99%; max-width:250px; height:120px;\" id=\"fscf_field1_3\" name=\"message\" cols=\"30\" rows=\"10\" ><\/textarea>\n    <\/div>\n  <\/div>\n<\/div>\r\n<div style=\"clear:both;\"><\/div>\n\n<div style=\"text-align:left; padding-top:5px;\">\n<\/div>\n<div id=\"fscf_captcha_image_div1\" style=\"width:250px; height:65px; padding-top:2px;\">\n      <img class=\"colorbox-52\"  loading=\"lazy\" decoding=\"async\" id=\"fscf_captcha_image1\" style=\"border-style:none; margin:0; padding:0px; padding-right:5px; float:left;\" src=\"http:\/\/www.tauschkreise.at\/wp-content\/plugins\/si-contact-form\/captcha\/securimage_show.php?prefix=ZFJNdfcr8r3EwCaw\" width=\"175\" height=\"60\" alt=\"CAPTCHA-Bild\" title=\"CAPTCHA-Bild\" \/>\n      <input id=\"fscf_captcha_prefix1\" type=\"hidden\" name=\"fscf_captcha_prefix1\" value=\"ZFJNdfcr8r3EwCaw\" \/>\n     <div id=\"fscf_captcha_refresh1\">\n        <a href=\"#\" rel=\"nofollow\" title=\"Bild aktualisieren\" onclick=\"fscf_captcha_refresh('1','\/wp-content\/plugins\/si-contact-form\/captcha','http:\/\/www.tauschkreise.at\/wp-content\/plugins\/si-contact-form\/captcha\/securimage_show.php?prefix='); return false;\">\n        <img class=\"colorbox-52\"  loading=\"lazy\" decoding=\"async\" src=\"http:\/\/www.tauschkreise.at\/wp-content\/plugins\/si-contact-form\/captcha\/images\/refresh.png\" width=\"22\" height=\"20\" alt=\"Bild aktualisieren\" style=\"border-style:none; margin:0; padding:0px; vertical-align:bottom;\" onclick=\"this.blur();\" \/><\/a>\r\n     <\/div>\r\n<\/div>\r\n\r\n<div id=\"fscf_captcha_field1\" style=\"text-align:left; padding-top:5px;\">\r\n     <label style=\"text-align:left;\" for=\"fscf_captcha_code1\">CAPTCHA Code:<span style=\"text-align:left;\"> *<\/span><\/label>\r\n<\/div>\r\n<div style=\"text-align:left;\">\n     <input style=\"text-align:left; margin:0; width:50px;\" type=\"text\" value=\"\" autocomplete=\"off\" id=\"fscf_captcha_code1\" name=\"captcha_code\"  \/>\n<\/div>\n\n<div id=\"fscf_submit_div1\" style=\"text-align:left; padding-top:2px;\">\r\n\t\t<input type=\"submit\" id=\"fscf_submit1\" style=\"cursor:pointer; margin:0;\" value=\"senden\"  onclick=\"this.disabled=true; this.value='Submitting...'; this.form.submit();\" \/> \n<\/div>\n\n<input type=\"hidden\" name=\"fscf_submitted\" value=\"0\" \/>\n<input type=\"hidden\" name=\"fs_postonce_1\" value=\"f54502e7e6a69a91530df34c342df22f,1777490306\" \/>\n<input type=\"hidden\" name=\"si_contact_action\" value=\"send\" \/>\n<input type=\"hidden\" name=\"form_id\" value=\"1\" \/>\n<input type=\"hidden\" name=\"mailto_id\" value=\"1\" \/>\n\n<\/form>\n<\/div>\r\n<div style=\"clear:both;\"><\/div>\n\n<!-- Fast Secure Contact Form plugin 4.0.43 - end - FastSecureContactForm.com -->\n\n","protected":false},"excerpt":{"rendered":"<p>Wir freuen uns \u00fcber neue Mitglieder. Je mehr Salzburger &#8211; aber nicht nur die &#8211; mitmachen, desto spannender wird es. Andererseits ist uns der pers\u00f6nliche Kontakt zwischen den Mitgliedern wichtig. Es beginnt jede Mitgliedschaft mit einem pers\u00f6nlichen Gespr\u00e4ch (meist vor &hellip; <a href=\"http:\/\/www.tauschkreise.at\/?page_id=52\">Weiterlesen <span class=\"meta-nav\">&rarr;<\/span><\/a><\/p>\n","protected":false},"author":5,"featured_media":0,"parent":0,"menu_order":0,"comment_status":"closed","ping_status":"open","template":"","meta":{"footnotes":""},"class_list":["post-52","page","type-page","status-publish","hentry"],"_links":{"self":[{"href":"http:\/\/www.tauschkreise.at\/index.php?rest_route=\/wp\/v2\/pages\/52","targetHints":{"allow":["GET"]}}],"collection":[{"href":"http:\/\/www.tauschkreise.at\/index.php?rest_route=\/wp\/v2\/pages"}],"about":[{"href":"http:\/\/www.tauschkreise.at\/index.php?rest_route=\/wp\/v2\/types\/page"}],"author":[{"embeddable":true,"href":"http:\/\/www.tauschkreise.at\/index.php?rest_route=\/wp\/v2\/users\/5"}],"replies":[{"embeddable":true,"href":"http:\/\/www.tauschkreise.at\/index.php?rest_route=%2Fwp%2Fv2%2Fcomments&post=52"}],"version-history":[{"count":17,"href":"http:\/\/www.tauschkreise.at\/index.php?rest_route=\/wp\/v2\/pages\/52\/revisions"}],"predecessor-version":[{"id":2136,"href":"http:\/\/www.tauschkreise.at\/index.php?rest_route=\/wp\/v2\/pages\/52\/revisions\/2136"}],"wp:attachment":[{"href":"http:\/\/www.tauschkreise.at\/index.php?rest_route=%2Fwp%2Fv2%2Fmedia&parent=52"}],"curies":[{"name":"wp","href":"https:\/\/api.w.org\/{rel}","templated":true}]}}